{"id":634,"date":"2026-03-18T00:05:18","date_gmt":"2026-03-18T03:05:18","guid":{"rendered":"https:\/\/lifesassessoria.com\/?page_id=634"},"modified":"2026-04-07T22:58:41","modified_gmt":"2026-04-08T01:58:41","slug":"mario-iplinski","status":"publish","type":"page","link":"https:\/\/lifesassessoria.com\/index.php\/mario-iplinski\/","title":{"rendered":"Mario Iplinski"},"content":{"rendered":"\t\t<div data-elementor-type=\"wp-page\" data-elementor-id=\"634\" class=\"elementor elementor-634\">\n\t\t\t\t<div class=\"elementor-element elementor-element-e776aa2 e-con-full e-flex e-con e-parent\" data-id=\"e776aa2\" data-element_type=\"container\" data-e-type=\"container\" data-settings=\"{&quot;background_background&quot;:&quot;slideshow&quot;,&quot;background_slideshow_gallery&quot;:[{&quot;id&quot;:97,&quot;url&quot;:&quot;https:\\\/\\\/gaviaspreview.com\\\/wp\\\/consilox\\\/wp-content\\\/uploads\\\/2024\\\/05\\\/breadcrumb-02.jpg&quot;},{&quot;id&quot;:94,&quot;url&quot;:&quot;https:\\\/\\\/gaviaspreview.com\\\/wp\\\/consilox\\\/wp-content\\\/uploads\\\/2024\\\/05\\\/breadcrumb-01.jpg&quot;}],&quot;background_slideshow_ken_burns&quot;:&quot;yes&quot;,&quot;background_slideshow_ken_burns_zoom_direction&quot;:&quot;out&quot;,&quot;background_slideshow_loop&quot;:&quot;yes&quot;,&quot;background_slideshow_slide_duration&quot;:5000,&quot;background_slideshow_slide_transition&quot;:&quot;fade&quot;,&quot;background_slideshow_transition_duration&quot;:500}\">\n\t\t<div class=\"elementor-element elementor-element-dc473e2 e-con-full e-flex e-con e-child\" data-id=\"dc473e2\" data-element_type=\"container\" data-e-type=\"container\">\n\t\t\t\t<div class=\"elementor-element elementor-element-a0918f3 elementor-widget elementor-widget-gva-heading-block\" data-id=\"a0918f3\" data-element_type=\"widget\" data-e-type=\"widget\" data-widget_type=\"gva-heading-block.default\">\n\t\t\t\t<div class=\"elementor-widget-container\">\n\t\t\t\t\t<div class=\"gva-element-gva-heading-block gva-element\">   <div class=\"align-center style-1 widget gsc-heading box-align-left auto-responsive\">\r\n      <div class=\"content-inner\">\r\n         \r\n                  \r\n           \r\n         \r\n                     <h2 class=\"title \">\r\n               <span>Mario Iplinski <\/span>\r\n            <\/h2>\r\n                  \r\n                     <div class=\"title-desc\">Executivo estrat\u00e9gico na opera\u00e7\u00e3o e desenvolvimento da Life\u2019s<\/div>\r\n         \r\n         \r\n      <\/div>\r\n   <\/div>\r\n<\/div>\t\t\t\t<\/div>\n\t\t\t\t<\/div>\n\t\t\t\t<\/div>\n\t\t\t\t<\/div>\n\t\t<div class=\"elementor-element elementor-element-98b3d2d e-flex e-con-boxed e-con e-parent\" data-id=\"98b3d2d\" data-element_type=\"container\" data-e-type=\"container\">\n\t\t\t\t\t<div class=\"e-con-inner\">\n\t\t<div class=\"elementor-element elementor-element-712fbe2c e-flex e-con-boxed e-con e-child\" data-id=\"712fbe2c\" data-element_type=\"container\" data-e-type=\"container\" data-settings=\"{&quot;background_background&quot;:&quot;classic&quot;}\">\n\t\t\t\t\t<div class=\"e-con-inner\">\n\t\t<div class=\"elementor-element elementor-element-58cc30f5 e-flex e-con-boxed e-con e-child\" data-id=\"58cc30f5\" data-element_type=\"container\" data-e-type=\"container\">\n\t\t\t\t\t<div class=\"e-con-inner\">\n\t\t\t\t\t<\/div>\n\t\t\t\t<\/div>\n\t\t<div class=\"elementor-element elementor-element-19a1f0ca e-flex e-con-boxed e-con e-child\" data-id=\"19a1f0ca\" data-element_type=\"container\" data-e-type=\"container\">\n\t\t\t\t\t<div class=\"e-con-inner\">\n\t\t<div class=\"elementor-element elementor-element-55463a3b e-flex e-con-boxed e-con e-child\" data-id=\"55463a3b\" data-element_type=\"container\" data-e-type=\"container\">\n\t\t\t\t\t<div class=\"e-con-inner\">\n\t\t\t\t<div class=\"elementor-element elementor-element-73298f4 elementor-widget elementor-widget-accordion\" data-id=\"73298f4\" data-element_type=\"widget\" data-e-type=\"widget\" data-widget_type=\"accordion.default\">\n\t\t\t\t\t\t\t<div class=\"elementor-accordion\">\n\t\t\t\t\t\t\t<div class=\"elementor-accordion-item\">\n\t\t\t\t\t<h3 id=\"elementor-tab-title-1201\" class=\"elementor-tab-title\" data-tab=\"1\" role=\"button\" aria-controls=\"elementor-tab-content-1201\" aria-expanded=\"false\">\n\t\t\t\t\t\t\t\t\t\t\t\t\t<span class=\"elementor-accordion-icon elementor-accordion-icon-left\" aria-hidden=\"true\">\n\t\t\t\t\t\t\t\t\t\t\t\t\t\t\t<span class=\"elementor-accordion-icon-closed\"><i class=\"fas fa-plus\"><\/i><\/span>\n\t\t\t\t\t\t\t\t<span class=\"elementor-accordion-icon-opened\"><i class=\"fas fa-minus\"><\/i><\/span>\n\t\t\t\t\t\t\t\t\t\t\t\t\t\t<\/span>\n\t\t\t\t\t\t\t\t\t\t\t\t<a class=\"elementor-accordion-title\" tabindex=\"0\">Mario Iplinski <\/a>\n\t\t\t\t\t<\/h3>\n\t\t\t\t\t<div id=\"elementor-tab-content-1201\" class=\"elementor-tab-content elementor-clearfix\" data-tab=\"1\" role=\"region\" aria-labelledby=\"elementor-tab-title-1201\"><p><b>Mario <\/b><b>Iplinski<\/b> \u00e9 um executivo estrat\u00e9gico com papel essencial na opera\u00e7\u00e3o e desenvolvimento da Life\u2019s. Com ampla experi\u00eancia em <b>gest\u00e3o de processos e lideran\u00e7a de pessoas<\/b>, ele \u00e9 refer\u00eancia em mentoring e desenvolvimento de profissionais.<\/p><\/div>\n\t\t\t\t<\/div>\n\t\t\t\t\t\t\t<div class=\"elementor-accordion-item\">\n\t\t\t\t\t<h3 id=\"elementor-tab-title-1202\" class=\"elementor-tab-title\" data-tab=\"2\" role=\"button\" aria-controls=\"elementor-tab-content-1202\" aria-expanded=\"false\">\n\t\t\t\t\t\t\t\t\t\t\t\t\t<span class=\"elementor-accordion-icon elementor-accordion-icon-left\" aria-hidden=\"true\">\n\t\t\t\t\t\t\t\t\t\t\t\t\t\t\t<span class=\"elementor-accordion-icon-closed\"><i class=\"fas fa-plus\"><\/i><\/span>\n\t\t\t\t\t\t\t\t<span class=\"elementor-accordion-icon-opened\"><i class=\"fas fa-minus\"><\/i><\/span>\n\t\t\t\t\t\t\t\t\t\t\t\t\t\t<\/span>\n\t\t\t\t\t\t\t\t\t\t\t\t<a class=\"elementor-accordion-title\" tabindex=\"0\">Seus principais diferenciais:<\/a>\n\t\t\t\t\t<\/h3>\n\t\t\t\t\t<div id=\"elementor-tab-content-1202\" class=\"elementor-tab-content elementor-clearfix\" data-tab=\"2\" role=\"region\" aria-labelledby=\"elementor-tab-title-1202\"><ul><li>Especialista em <b>Coaching<\/b> com aplica\u00e7\u00e3o pr\u00e1tica voltada \u00e0 performance individual e de equipes;<\/li><li>Analista certificado em <b>DISC <\/b><b>Assessment<\/b>, com dom\u00ednio na leitura e aplica\u00e7\u00e3o da metodologia;<\/li><li>Forte atua\u00e7\u00e3o em <b>Outplacement<\/b>, conduzindo processos com excel\u00eancia e alto \u00edndice de sucesso;<\/li><li>Reconhecido por seu relacionamento s\u00f3lido com <b>empresas e consultorias<\/b>, sendo altamente recomendado como assessor estrat\u00e9gico.<\/li><\/ul><\/div>\n\t\t\t\t<\/div>\n\t\t\t\t\t\t\t<div class=\"elementor-accordion-item\">\n\t\t\t\t\t<h3 id=\"elementor-tab-title-1203\" class=\"elementor-tab-title\" data-tab=\"3\" role=\"button\" aria-controls=\"elementor-tab-content-1203\" aria-expanded=\"false\">\n\t\t\t\t\t\t\t\t\t\t\t\t\t<span class=\"elementor-accordion-icon elementor-accordion-icon-left\" aria-hidden=\"true\">\n\t\t\t\t\t\t\t\t\t\t\t\t\t\t\t<span class=\"elementor-accordion-icon-closed\"><i class=\"fas fa-plus\"><\/i><\/span>\n\t\t\t\t\t\t\t\t<span class=\"elementor-accordion-icon-opened\"><i class=\"fas fa-minus\"><\/i><\/span>\n\t\t\t\t\t\t\t\t\t\t\t\t\t\t<\/span>\n\t\t\t\t\t\t\t\t\t\t\t\t<a class=\"elementor-accordion-title\" tabindex=\"0\">Vis\u00e3o estrat\u00e9gica<\/a>\n\t\t\t\t\t<\/h3>\n\t\t\t\t\t<div id=\"elementor-tab-content-1203\" class=\"elementor-tab-content elementor-clearfix\" data-tab=\"3\" role=\"region\" aria-labelledby=\"elementor-tab-title-1203\"><p>Mario combina vis\u00e3o estrat\u00e9gica, t\u00e9cnica e sensibilidade para impulsionar carreiras e neg\u00f3cios com resultados consistentes<\/p><\/div>\n\t\t\t\t<\/div>\n\t\t\t\t\t\t\t\t<\/div>\n\t\t\t\t\t\t<\/div>\n\t\t\t\t\t<\/div>\n\t\t\t\t<\/div>\n\t\t<div class=\"elementor-element elementor-element-218e5c10 e-flex e-con-boxed e-con e-child\" data-id=\"218e5c10\" data-element_type=\"container\" data-e-type=\"container\">\n\t\t\t\t\t<div class=\"e-con-inner\">\n\t\t\t\t<div class=\"elementor-element elementor-element-1f2ecf4a elementor-absolute elementor-widget elementor-widget-gva-image-content\" data-id=\"1f2ecf4a\" data-element_type=\"widget\" data-e-type=\"widget\" data-settings=\"{&quot;_position&quot;:&quot;absolute&quot;}\" data-widget_type=\"gva-image-content.default\">\n\t\t\t\t<div class=\"elementor-widget-container\">\n\t\t\t\t\t<div class=\"gva-element-gva-image-content gva-element\">\t\t\r\n\t  \r\n\t \r\n\r\n\t \r\n\r\n\t\r\n\t \r\n  \r\n \r\n\r\n  \r\n \r\n\r\n \r\n\t\t<div class=\"about-eight__single\">\r\n\t\t  \t<div class=\"about-eight__image\"><div class=\"content-inner\"><img decoding=\"async\" src=\"http:\/\/lifesassessoria.com\/wp-content\/uploads\/2026\/03\/Design-sem-nome-4.png\" alt=\"\" \/><\/div><\/div><div class=\"about-eight__image-second\"><div class=\"content-inner\"><img decoding=\"async\" src=\"https:\/\/gaviaspreview.com\/wp\/consilox\/wp-content\/uploads\/2024\/05\/image-39.png\" alt=\"\" \/><\/div><\/div>\t\t<\/div>\r\n\t\t<\/div>\t\t\t\t<\/div>\n\t\t\t\t<\/div>\n\t\t\t\t\t<\/div>\n\t\t\t\t<\/div>\n\t\t\t\t\t<\/div>\n\t\t\t\t<\/div>\n\t\t\t\t\t<\/div>\n\t\t\t\t<\/div>\n\t\t\t\t\t<\/div>\n\t\t\t\t<\/div>\n\t\t<div class=\"elementor-element elementor-element-158cf28 e-grid e-con-boxed e-con e-parent\" data-id=\"158cf28\" data-element_type=\"container\" data-e-type=\"container\">\n\t\t\t\t\t<div class=\"e-con-inner\">\n\t\t\t\t<div class=\"elementor-element elementor-element-5f52fd9 elementor-shape-rounded elementor-grid-0 e-grid-align-center elementor-widget elementor-widget-social-icons\" data-id=\"5f52fd9\" data-element_type=\"widget\" data-e-type=\"widget\" data-widget_type=\"social-icons.default\">\n\t\t\t\t\t\t\t<div class=\"elementor-social-icons-wrapper elementor-grid\" role=\"list\">\n\t\t\t\t\t\t\t<span class=\"elementor-grid-item\" role=\"listitem\">\n\t\t\t\t\t<a class=\"elementor-icon elementor-social-icon elementor-social-icon-whatsapp elementor-repeater-item-5368d9f\" href=\"https:\/\/wa.me\/5551997530508\" target=\"_blank\">\n\t\t\t\t\t\t<span class=\"elementor-screen-only\">Whatsapp<\/span>\n\t\t\t\t\t\t<i aria-hidden=\"true\" class=\"fab fa-whatsapp\"><\/i>\t\t\t\t\t<\/a>\n\t\t\t\t<\/span>\n\t\t\t\t\t\t\t<span class=\"elementor-grid-item\" role=\"listitem\">\n\t\t\t\t\t<a class=\"elementor-icon elementor-social-icon elementor-social-icon-linkedin elementor-repeater-item-bba2120\" href=\"https:\/\/www.linkedin.com\/in\/marioiplinski?utm_source=share&#038;utm_campaign=share_via&#038;utm_content=profile&#038;utm_medium=android_app\" target=\"_blank\">\n\t\t\t\t\t\t<span class=\"elementor-screen-only\">Linkedin<\/span>\n\t\t\t\t\t\t<i aria-hidden=\"true\" class=\"fab fa-linkedin\"><\/i>\t\t\t\t\t<\/a>\n\t\t\t\t<\/span>\n\t\t\t\t\t<\/div>\n\t\t\t\t\t\t<\/div>\n\t\t\t\t\t<\/div>\n\t\t\t\t<\/div>\n\t\t<div class=\"elementor-element elementor-element-5f5d6aa3 e-flex e-con-boxed e-con e-parent\" data-id=\"5f5d6aa3\" data-element_type=\"container\" data-e-type=\"container\">\n\t\t\t\t\t<div class=\"e-con-inner\">\n\t\t<div class=\"elementor-element elementor-element-58f96069 e-con-full e-flex e-con e-child\" data-id=\"58f96069\" data-element_type=\"container\" data-e-type=\"container\">\n\t\t\t\t<div class=\"elementor-element elementor-element-4167befc elementor-widget elementor-widget-gva-features-block\" data-id=\"4167befc\" data-element_type=\"widget\" data-e-type=\"widget\" data-widget_type=\"gva-features-block.default\">\n\t\t\t\t<div class=\"elementor-widget-container\">\n\t\t\t\t\t<div class=\"gva-element-gva-features-block gva-element\">\r\n   <div class=\"feature-one__single\">\r\n      <div class=\"feature-one__wrapper\">\r\n         \r\n         <div class=\"feature-one__image\">\r\n            <div class=\"image-inner\">\r\n               <img fetchpriority=\"high\" decoding=\"async\" width=\"224\" height=\"224\" src=\"https:\/\/lifesassessoria.com\/wp-content\/uploads\/2024\/06\/image-35.jpg\" class=\"attachment-full size-full wp-image-302\" alt=\"\" srcset=\"https:\/\/lifesassessoria.com\/wp-content\/uploads\/2024\/06\/image-35.jpg 224w, https:\/\/lifesassessoria.com\/wp-content\/uploads\/2024\/06\/image-35-175x175.jpg 175w\" sizes=\"(max-width: 224px) 100vw, 224px\" \/><div class=\"feature-one__icon-box\"><i aria-hidden=\"true\" class=\"far fa-hand-pointer\"><\/i><\/div>            <\/div>\r\n         <\/div>\r\n\r\n         <div class=\"feature-one__box-content\">\r\n            <h3 class=\"feature-one__title\">Gest\u00e3o de processos <\/h3>         <\/div>\r\n\r\n      <\/div> \r\n         <\/div>   \r\n\r\n\r\n\r\n<\/div>\t\t\t\t<\/div>\n\t\t\t\t<\/div>\n\t\t\t\t<\/div>\n\t\t<div class=\"elementor-element elementor-element-f3a771c e-con-full e-flex e-con e-child\" data-id=\"f3a771c\" data-element_type=\"container\" data-e-type=\"container\">\n\t\t\t\t<div class=\"elementor-element elementor-element-4260298d elementor-widget elementor-widget-image\" data-id=\"4260298d\" data-element_type=\"widget\" data-e-type=\"widget\" data-widget_type=\"image.default\">\n\t\t\t\t\t\t\t\t\t\t\t\t\t\t\t<img decoding=\"async\" width=\"54\" height=\"87\" src=\"https:\/\/lifesassessoria.com\/wp-content\/uploads\/2024\/06\/image-38.png\" class=\"attachment-full size-full wp-image-304\" alt=\"\" \/>\t\t\t\t\t\t\t\t\t\t\t\t\t\t\t<\/div>\n\t\t\t\t<\/div>\n\t\t<div class=\"elementor-element elementor-element-175df3be e-con-full e-flex e-con e-child\" data-id=\"175df3be\" data-element_type=\"container\" data-e-type=\"container\">\n\t\t\t\t<div class=\"elementor-element elementor-element-2c30e35a elementor-widget elementor-widget-gva-features-block\" data-id=\"2c30e35a\" data-element_type=\"widget\" data-e-type=\"widget\" data-widget_type=\"gva-features-block.default\">\n\t\t\t\t<div class=\"elementor-widget-container\">\n\t\t\t\t\t<div class=\"gva-element-gva-features-block gva-element\">\r\n   <div class=\"feature-one__single\">\r\n      <div class=\"feature-one__wrapper\">\r\n         \r\n         <div class=\"feature-one__image\">\r\n            <div class=\"image-inner\">\r\n               <img decoding=\"async\" width=\"224\" height=\"224\" src=\"https:\/\/lifesassessoria.com\/wp-content\/uploads\/2024\/06\/image-36.jpg\" class=\"attachment-full size-full wp-image-301\" alt=\"\" srcset=\"https:\/\/lifesassessoria.com\/wp-content\/uploads\/2024\/06\/image-36.jpg 224w, https:\/\/lifesassessoria.com\/wp-content\/uploads\/2024\/06\/image-36-175x175.jpg 175w\" sizes=\"(max-width: 224px) 100vw, 224px\" \/><div class=\"feature-one__icon-box\"><i aria-hidden=\"true\" class=\"far fa-hand-peace\"><\/i><\/div>            <\/div>\r\n         <\/div>\r\n\r\n         <div class=\"feature-one__box-content\">\r\n            <h3 class=\"feature-one__title\">Coaching<\/h3>         <\/div>\r\n\r\n      <\/div> \r\n         <\/div>   \r\n\r\n\r\n\r\n<\/div>\t\t\t\t<\/div>\n\t\t\t\t<\/div>\n\t\t\t\t<\/div>\n\t\t<div class=\"elementor-element elementor-element-746c4d4f e-con-full e-flex e-con e-child\" data-id=\"746c4d4f\" data-element_type=\"container\" data-e-type=\"container\">\n\t\t\t\t<div class=\"elementor-element elementor-element-26dd8cd5 elementor-widget elementor-widget-image\" data-id=\"26dd8cd5\" data-element_type=\"widget\" data-e-type=\"widget\" data-widget_type=\"image.default\">\n\t\t\t\t\t\t\t\t\t\t\t\t\t\t\t<img decoding=\"async\" width=\"54\" height=\"87\" src=\"https:\/\/lifesassessoria.com\/wp-content\/uploads\/2024\/06\/image-38.png\" class=\"attachment-full size-full wp-image-304\" alt=\"\" \/>\t\t\t\t\t\t\t\t\t\t\t\t\t\t\t<\/div>\n\t\t\t\t<\/div>\n\t\t<div class=\"elementor-element elementor-element-1ae65ed1 e-con-full e-flex e-con e-child\" data-id=\"1ae65ed1\" data-element_type=\"container\" data-e-type=\"container\">\n\t\t\t\t<div class=\"elementor-element elementor-element-1fe39200 elementor-widget elementor-widget-gva-features-block\" data-id=\"1fe39200\" data-element_type=\"widget\" data-e-type=\"widget\" data-widget_type=\"gva-features-block.default\">\n\t\t\t\t<div class=\"elementor-widget-container\">\n\t\t\t\t\t<div class=\"gva-element-gva-features-block gva-element\">\r\n   <div class=\"feature-one__single\">\r\n      <div class=\"feature-one__wrapper\">\r\n         \r\n         <div class=\"feature-one__image\">\r\n            <div class=\"image-inner\">\r\n               <img loading=\"lazy\" decoding=\"async\" width=\"224\" height=\"224\" src=\"https:\/\/lifesassessoria.com\/wp-content\/uploads\/2026\/03\/Design-sem-nome-1.jpg\" class=\"attachment-full size-full wp-image-646\" alt=\"\" srcset=\"https:\/\/lifesassessoria.com\/wp-content\/uploads\/2026\/03\/Design-sem-nome-1.jpg 224w, https:\/\/lifesassessoria.com\/wp-content\/uploads\/2026\/03\/Design-sem-nome-1-175x175.jpg 175w\" sizes=\"(max-width: 224px) 100vw, 224px\" \/><div class=\"feature-one__icon-box\"><i aria-hidden=\"true\" class=\"far fa-hand-paper\"><\/i><\/div>            <\/div>\r\n         <\/div>\r\n\r\n         <div class=\"feature-one__box-content\">\r\n            <h3 class=\"feature-one__title\">DISC Assessment<\/h3>         <\/div>\r\n\r\n      <\/div> \r\n         <\/div>   \r\n\r\n\r\n\r\n<\/div>\t\t\t\t<\/div>\n\t\t\t\t<\/div>\n\t\t\t\t<\/div>\n\t\t\t\t\t<\/div>\n\t\t\t\t<\/div>\n\t\t\t\t<\/div>\n\t\t","protected":false},"excerpt":{"rendered":"<p>Mario Iplinski Executivo estrat\u00e9gico na opera\u00e7\u00e3o e desenvolvimento da Life\u2019s Mario Iplinski Mario Iplinski \u00e9 um executivo estrat\u00e9gico com papel essencial na opera\u00e7\u00e3o e desenvolvimento da Life\u2019s. Com ampla experi\u00eancia [&hellip;]<\/p>\n","protected":false},"author":1,"featured_media":0,"parent":0,"menu_order":0,"comment_status":"closed","ping_status":"closed","template":"","meta":{"footnotes":""},"class_list":["post-634","page","type-page","status-publish","hentry"],"_links":{"self":[{"href":"https:\/\/lifesassessoria.com\/index.php\/wp-json\/wp\/v2\/pages\/634","targetHints":{"allow":["GET"]}}],"collection":[{"href":"https:\/\/lifesassessoria.com\/index.php\/wp-json\/wp\/v2\/pages"}],"about":[{"href":"https:\/\/lifesassessoria.com\/index.php\/wp-json\/wp\/v2\/types\/page"}],"author":[{"embeddable":true,"href":"https:\/\/lifesassessoria.com\/index.php\/wp-json\/wp\/v2\/users\/1"}],"replies":[{"embeddable":true,"href":"https:\/\/lifesassessoria.com\/index.php\/wp-json\/wp\/v2\/comments?post=634"}],"version-history":[{"count":16,"href":"https:\/\/lifesassessoria.com\/index.php\/wp-json\/wp\/v2\/pages\/634\/revisions"}],"predecessor-version":[{"id":797,"href":"https:\/\/lifesassessoria.com\/index.php\/wp-json\/wp\/v2\/pages\/634\/revisions\/797"}],"wp:attachment":[{"href":"https:\/\/lifesassessoria.com\/index.php\/wp-json\/wp\/v2\/media?parent=634"}],"curies":[{"name":"wp","href":"https:\/\/api.w.org\/{rel}","templated":true}]}}